{"id":858,"date":"2022-10-16T10:43:10","date_gmt":"2022-10-16T10:43:10","guid":{"rendered":"https:\/\/builty-demo.bslthemes.com\/?page_id=858"},"modified":"2024-08-20T12:26:29","modified_gmt":"2024-08-20T12:26:29","slug":"contact","status":"publish","type":"page","link":"https:\/\/structuribeton.ro\/?page_id=858","title":{"rendered":"Contact"},"content":{"rendered":"\t\t<div data-elementor-type=\"wp-page\" data-elementor-id=\"858\" class=\"elementor elementor-858\">\n\t\t\t\t\t\t\t\t\t<section class=\"elementor-section elementor-top-section elementor-element elementor-element-0a7f766 elementor-section-full_width elementor-section-height-default elementor-section-height-default\" data-id=\"0a7f766\" data-element_type=\"section\">\n\t\t\t\t\t\t<div class=\"elementor-container elementor-column-gap-no\">\n\t\t\t\t\t<div class=\"elementor-column elementor-col-100 elementor-top-column elementor-element elementor-element-c533e83\" data-id=\"c533e83\" data-element_type=\"column\">\n\t\t\t<div class=\"elementor-widget-wrap elementor-element-populated\">\n\t\t\t\t\t\t\t\t<div class=\"elementor-element elementor-element-b843826 elementor-widget elementor-widget-builty-intro\" data-id=\"b843826\" data-element_type=\"widget\" data-widget_type=\"builty-intro.default\">\n\t\t\t\t<div class=\"elementor-widget-container\">\n\t\t\t\n\t\t<!-- Banner Style One Start -->\n\t  <section class=\"banner-style-one\">\n\t\t\t\t\t  <div class=\"parallax\" style=\"background-image: url('https:\/\/structuribeton.ro\/wp-content\/uploads\/2022\/10\/pattren-3.png');\"><\/div>\n\t\t\t\t    <div class=\"container\">\n\t      <div class=\"row\">\n\t\t\t\t\t\t\t\t\t\t<div class=\"banner-details\">\n\t\t\t\t\t\t\t\t\t\t\t\t<h1 class=\"intro-title\">\n\t\t\t\t\t\t\t<span >\n\t\t\t\t\t\t\t\tContact\t\t\t\t\t\t\t<\/span>\n\t\t\t\t\t\t<\/h1>\n\t\t\t\t\t\t\t\t\t\t\t\t\t        <\/div>\n\t\t\t\t\t\t      <\/div>\n\t    <\/div>\n\t\t\t\t    <div class=\"breadcrums\">\n\t      <div class=\"container\">\n\t        <div class=\"row\">\n\t\t\t\t\t\t<ul><li><a href=\"https:\/\/structuribeton.ro\" title=\"Structuribeton.ro\"><i class=\"fas fa-home\"><\/i><span>Home<\/span><\/a><\/li><li class=\"current\"><a><span><\/span><\/a><\/li><\/ul>\t        <\/div>\n\t      <\/div>\n\t    <\/div>\n\t\t\t\t  <\/section>\n\t  <!-- Banner Style One End -->\n\n\t\t\t\t<\/div>\n\t\t\t\t<\/div>\n\t\t\t\t\t<\/div>\n\t\t<\/div>\n\t\t\t\t\t\t\t<\/div>\n\t\t<\/section>\n\t\t\t\t<section class=\"elementor-section elementor-top-section elementor-element elementor-element-0fbeb3b elementor-section-boxed elementor-section-height-default elementor-section-height-default\" data-id=\"0fbeb3b\" data-element_type=\"section\">\n\t\t\t\t\t\t<div class=\"elementor-container elementor-column-gap-default\">\n\t\t\t\t\t<div class=\"elementor-column elementor-col-66 elementor-top-column elementor-element elementor-element-baf75df\" data-id=\"baf75df\" data-element_type=\"column\">\n\t\t\t<div class=\"elementor-widget-wrap elementor-element-populated\">\n\t\t\t\t\t\t\t\t<section class=\"elementor-section elementor-inner-section elementor-element elementor-element-a8f3c57 elementor-section-full_width elementor-section-height-default elementor-section-height-default\" data-id=\"a8f3c57\" data-element_type=\"section\">\n\t\t\t\t\t\t<div class=\"elementor-container elementor-column-gap-no\">\n\t\t\t\t\t<div class=\"elementor-column elementor-col-100 elementor-inner-column elementor-element elementor-element-9eb0117\" data-id=\"9eb0117\" data-element_type=\"column\">\n\t\t\t<div class=\"elementor-widget-wrap elementor-element-populated\">\n\t\t\t\t\t\t\t\t<div class=\"elementor-element elementor-element-be04a4d elementor-widget elementor-widget-builty-section-heading\" data-id=\"be04a4d\" data-element_type=\"widget\" data-widget_type=\"builty-section-heading.default\">\n\t\t\t\t<div class=\"elementor-widget-container\">\n\t\t\t\n\t\t\n        <div class=\"heading\">\n                  <span >\n        Cum putem s\u0103 te ajut\u0103m?      <\/span>\n                  <h2>\n        <span >\n          \u00ce\u021bi St\u0103m La Dispozi\u021bie!        <\/span>\n      <\/h2>\n      \t\t\t\t\t\t<div >\n\t\t\t\t<p>Ai \u00eentreb\u0103ri legate de produsele noastre?<\/p><p>Ne po\u021bi contacta la numerele de telefon de mai jos, sau ne po\u021bi trimite un mesaj prin intermediul formularului de contact.<\/p>\t\t\t<\/div>\n\t\t\t    <\/div>\n    \n\t\t\n\t\t\t\t<\/div>\n\t\t\t\t<\/div>\n\t\t\t\t\t<\/div>\n\t\t<\/div>\n\t\t\t\t\t\t\t<\/div>\n\t\t<\/section>\n\t\t\t\t<section class=\"elementor-section elementor-inner-section elementor-element elementor-element-5d5a913 elementor-section-full_width contact-form-2 elementor-section-height-default elementor-section-height-default\" data-id=\"5d5a913\" data-element_type=\"section\">\n\t\t\t\t\t\t<div class=\"elementor-container elementor-column-gap-no\">\n\t\t\t\t\t<div class=\"elementor-column elementor-col-100 elementor-inner-column elementor-element elementor-element-79cec1d\" data-id=\"79cec1d\" data-element_type=\"column\">\n\t\t\t<div class=\"elementor-widget-wrap elementor-element-populated\">\n\t\t\t\t\t\t\t\t<div class=\"elementor-element elementor-element-3136669 elementor-widget elementor-widget-builty-contact-form\" data-id=\"3136669\" data-element_type=\"widget\" data-widget_type=\"builty-contact-form.default\">\n\t\t\t\t<div class=\"elementor-widget-container\">\n\t\t\t\n\t\t<div class=\"c-form-2\">\n\t\t\t\t\t\t\n\t\t\t\t\t\t\t\t\t\t\n<div class=\"wpcf7 no-js\" id=\"wpcf7-f617-o1\" lang=\"en-US\" dir=\"ltr\">\n<div class=\"screen-reader-response\"><p role=\"status\" aria-live=\"polite\" aria-atomic=\"true\"><\/p> <ul><\/ul><\/div>\n<form action=\"\/index.php?rest_route=%2Fwp%2Fv2%2Fpages%2F858#wpcf7-f617-o1\" method=\"post\" class=\"wpcf7-form init\" aria-label=\"Contact form\" novalidate=\"novalidate\" data-status=\"init\">\n<div style=\"display: none;\">\n<input type=\"hidden\" name=\"_wpcf7\" value=\"617\" \/>\n<input type=\"hidden\" name=\"_wpcf7_version\" value=\"5.8\" \/>\n<input type=\"hidden\" name=\"_wpcf7_locale\" value=\"en_US\" \/>\n<input type=\"hidden\" name=\"_wpcf7_unit_tag\" value=\"wpcf7-f617-o1\" \/>\n<input type=\"hidden\" name=\"_wpcf7_container_post\" value=\"0\" \/>\n<input type=\"hidden\" name=\"_wpcf7_posted_data_hash\" value=\"\" \/>\n<\/div>\n<div style=\"display:none!important;\">\n   <span class=\"wpcf7-form-control-wrap\" data-name=\"cf1_additional_info\"><textarea cols=\"40\" rows=\"10\" class=\"wpcf7-form-control wpcf7-textarea\" aria-invalid=\"false\" name=\"cf1_additional_info\">None<\/textarea><\/span>\n<\/div>\n<div class=\"row g-0\">\n   <span class=\"wpcf7-form-control-wrap\" data-name=\"cf1_name\"><input size=\"40\" class=\"wpcf7-form-control wpcf7-text wpcf7-validates-as-required form-control\" aria-required=\"true\" aria-invalid=\"false\" placeholder=\"Nume\" value=\"\" type=\"text\" name=\"cf1_name\" \/><\/span>\n<\/div>\n<div class=\"row g-0\">\n   <span class=\"wpcf7-form-control-wrap\" data-name=\"cf1_email\"><input size=\"40\" class=\"wpcf7-form-control wpcf7-email wpcf7-validates-as-required wpcf7-text wpcf7-validates-as-email form-control\" aria-required=\"true\" aria-invalid=\"false\" placeholder=\"Adresa Email\" value=\"\" type=\"email\" name=\"cf1_email\" \/><\/span>\n<\/div>\n<div class=\"row g-0\">\n   <span class=\"wpcf7-form-control-wrap\" data-name=\"cf1_tel\"><input size=\"40\" class=\"wpcf7-form-control wpcf7-tel wpcf7-validates-as-required wpcf7-text wpcf7-validates-as-tel form-control\" aria-required=\"true\" aria-invalid=\"false\" placeholder=\"Telefon\" value=\"\" type=\"tel\" name=\"cf1_tel\" \/><\/span>\n<\/div>\n<div class=\"row g-0\">\n   <span class=\"wpcf7-form-control-wrap\" data-name=\"cf1_message\"><textarea cols=\"40\" rows=\"10\" class=\"wpcf7-form-control wpcf7-textarea wpcf7-validates-as-required\" aria-required=\"true\" aria-invalid=\"false\" placeholder=\"\u00centrebare \/ Mesaj \/ Cerere oferta ?\" name=\"cf1_message\"><\/textarea><\/span>\n<\/div>\n<button type=\"submit\" class=\"theme-btn\">Trimite mesajul <i class=\"fas fa-angle-double-right\"><\/i><\/button><div class=\"wpcf7-response-output\" aria-hidden=\"true\"><\/div>\n<\/form>\n<\/div>\n\t\t\t\t\t\t\t\t\t\t\t<\/div>\n\n\t\t\t\t<\/div>\n\t\t\t\t<\/div>\n\t\t\t\t\t<\/div>\n\t\t<\/div>\n\t\t\t\t\t\t\t<\/div>\n\t\t<\/section>\n\t\t\t\t\t<\/div>\n\t\t<\/div>\n\t\t\t\t<div class=\"elementor-column elementor-col-33 elementor-top-column elementor-element elementor-element-8c17bf1\" data-id=\"8c17bf1\" data-element_type=\"column\">\n\t\t\t<div class=\"elementor-widget-wrap elementor-element-populated\">\n\t\t\t\t\t\t\t\t<div class=\"elementor-element elementor-element-de87f2c elementor-widget elementor-widget-builty-contact-info-card\" data-id=\"de87f2c\" data-element_type=\"widget\" data-widget_type=\"builty-contact-info-card.default\">\n\t\t\t\t<div class=\"elementor-widget-container\">\n\t\t\t\n\t\t<div class=\"contact-form-2\">\n\t\t\t\n\t\t\t<div class=\"info\">\n\t\t\t\t\t\t\t\t<ul class=\"contact\">\n\t\t\t\t\t\t\t\t\t\t<li>\n\t\t\t\t\t\t\t\t\t\t\t\t<figure>\n\t\t\t\t\t\t\t<img decoding=\"async\" src=\"https:\/\/structuribeton.ro\/wp-content\/uploads\/2022\/10\/icon-6-2.svg\" alt=\"Punct de Lucru\">\n\t\t\t\t\t\t<\/figure>\n\t\t\t\t\t\t\t\t\t\t\t\t\t\t\t\t\t\t<div>\n\t\t\t\t\t\t\t\t\t\t\t\t\t\t<div class=\"h3\">\n\t\t\t\t\t\t\t\t<span >\n\t\t\t\t\t\t\t\t\tPunct de Lucru\t\t\t\t\t\t\t\t<\/span>\n\t\t\t\t\t\t\t<\/div>\n\t\t\t\t\t\t\t\t\t\t\t\t\t\t\t\t\t\t\t\t\t<div >\n\t\t\t\t\t\t\t\t<p>Sat Bucsoaia, Oras Frasin, Nr Cadastral 31510, jud. Suceava<\/p>\t\t\t\t\t\t\t<\/div>\n\t\t\t\t\t\t\t\t\t\t\t\t\t<\/div>\n\t\t\t\t\t\t\t\t\t\t\t<\/li>\n\t\t\t\t\t\t\t\t\t\t<li>\n\t\t\t\t\t\t\t\t\t\t\t\t<figure>\n\t\t\t\t\t\t\t<img decoding=\"async\" src=\"https:\/\/structuribeton.ro\/wp-content\/uploads\/2022\/10\/icon-7-2.svg\" alt=\"Telefon\">\n\t\t\t\t\t\t<\/figure>\n\t\t\t\t\t\t\t\t\t\t\t\t\t\t\t\t\t\t<div>\n\t\t\t\t\t\t\t\t\t\t\t\t\t\t<div class=\"h3\">\n\t\t\t\t\t\t\t\t<span >\n\t\t\t\t\t\t\t\t\tTelefon\t\t\t\t\t\t\t\t<\/span>\n\t\t\t\t\t\t\t<\/div>\n\t\t\t\t\t\t\t\t\t\t\t\t\t\t\t\t\t\t\t\t\t<div >\n\t\t\t\t\t\t\t\t<a href=\"tel:+40740330311\">0740 330 311<\/a><br \/><a href=\"tel:+40762408824\">0762 408 824<\/a>\t\t\t\t\t\t\t<\/div>\n\t\t\t\t\t\t\t\t\t\t\t\t\t<\/div>\n\t\t\t\t\t\t\t\t\t\t\t<\/li>\n\t\t\t\t\t\t\t\t\t\t<li>\n\t\t\t\t\t\t\t\t\t\t\t\t<figure>\n\t\t\t\t\t\t\t<img decoding=\"async\" src=\"https:\/\/structuribeton.ro\/wp-content\/uploads\/2022\/10\/icon-8-2.svg\" alt=\"Email:\">\n\t\t\t\t\t\t<\/figure>\n\t\t\t\t\t\t\t\t\t\t\t\t\t\t\t\t\t\t<div>\n\t\t\t\t\t\t\t\t\t\t\t\t\t\t<div class=\"h3\">\n\t\t\t\t\t\t\t\t<span >\n\t\t\t\t\t\t\t\t\tEmail:\t\t\t\t\t\t\t\t<\/span>\n\t\t\t\t\t\t\t<\/div>\n\t\t\t\t\t\t\t\t\t\t\t\t\t\t\t\t\t\t\t\t\t<div >\n\t\t\t\t\t\t\t\t<a href=\"mailto:structuribeton.ro@gmail.com\">structuribeton.ro@gmail.com<\/a>\t\t\t\t\t\t\t<\/div>\n\t\t\t\t\t\t\t\t\t\t\t\t\t<\/div>\n\t\t\t\t\t\t\t\t\t\t\t<\/li>\n\t\t\t\t\t\t\t\t\t<\/ul>\n\t\t\t\t\n\t\t\t\t\t\t\t\t<ul class=\"social-medias\">\n\t\t\t\t\t\t\t\t\t\t<li>\n\t\t\t\t\t\t<a class=\"fb social-medias-i-1\" href=\"https:\/\/facebook.com\" target=\"_blank\">\n\t\t\t\t\t\t\t<p>\n\t\t\t\t\t\t\t\t<span >\n\t\t\t\t\t\t\t\t\tFacebook\t\t\t\t\t\t\t\t<\/span>\n\t\t\t\t\t\t\t<\/p>\n\t\t\t\t\t\t\t<i aria-hidden=\"true\" class=\"fab fa-facebook-f\"><\/i>\t\t\t\t\t\t<\/a>\n\t\t\t\t\t<\/li>\n\t\t\t\t\t\t\t\t\t\t<li>\n\t\t\t\t\t\t<a class=\"fb social-medias-i-2\" href=\"https:\/\/twitter.com\" target=\"_blank\">\n\t\t\t\t\t\t\t<p>\n\t\t\t\t\t\t\t\t<span >\n\t\t\t\t\t\t\t\t\tTwitter\t\t\t\t\t\t\t\t<\/span>\n\t\t\t\t\t\t\t<\/p>\n\t\t\t\t\t\t\t<i aria-hidden=\"true\" class=\"fab fa-twitter\"><\/i>\t\t\t\t\t\t<\/a>\n\t\t\t\t\t<\/li>\n\t\t\t\t\t\t\t\t\t<\/ul>\n\t\t\t\t\t\t\t<\/div>\n\n\t\t<\/div>\n\n\t\t\t\t<\/div>\n\t\t\t\t<\/div>\n\t\t\t\t\t<\/div>\n\t\t<\/div>\n\t\t\t\t\t\t\t<\/div>\n\t\t<\/section>\n\t\t\t\t<section class=\"elementor-section elementor-top-section elementor-element elementor-element-17a0774 elementor-section-boxed elementor-section-height-default elementor-section-height-default\" data-id=\"17a0774\" data-element_type=\"section\">\n\t\t\t\t\t\t<div class=\"elementor-container elementor-column-gap-no\">\n\t\t\t\t\t<div class=\"elementor-column elementor-col-100 elementor-top-column elementor-element elementor-element-8379315\" data-id=\"8379315\" data-element_type=\"column\">\n\t\t\t<div class=\"elementor-widget-wrap elementor-element-populated\">\n\t\t\t\t\t\t\t\t<div class=\"elementor-element elementor-element-50fc5d0 elementor-widget elementor-widget-builty-section-heading\" data-id=\"50fc5d0\" data-element_type=\"widget\" data-widget_type=\"builty-section-heading.default\">\n\t\t\t\t<div class=\"elementor-widget-container\">\n\t\t\t\n\t\t\n        <div class=\"heading\">\n            <figure>\n        <img decoding=\"async\" src=\"https:\/\/structuribeton.ro\/wp-content\/uploads\/2022\/09\/heading-icon.png\" alt=\"heading-icon\">\n      <\/figure>\n                  <span >\n        Frequently asked question      <\/span>\n                  <h2>\n        <span >\n          Finding Solutions For Your Dream House        <\/span>\n      <\/h2>\n      \t\t\t    <\/div>\n    \n\t\t\n\t\t\t\t<\/div>\n\t\t\t\t<\/div>\n\t\t\t\t\t<\/div>\n\t\t<\/div>\n\t\t\t\t\t\t\t<\/div>\n\t\t<\/section>\n\t\t\t\t<section class=\"elementor-section elementor-top-section elementor-element elementor-element-a1e9f4b contact-faqs elementor-section-boxed elementor-section-height-default elementor-section-height-default\" data-id=\"a1e9f4b\" data-element_type=\"section\">\n\t\t\t\t\t\t<div class=\"elementor-container elementor-column-gap-no\">\n\t\t\t\t\t<div class=\"elementor-column elementor-col-100 elementor-top-column elementor-element elementor-element-51dafa0\" data-id=\"51dafa0\" data-element_type=\"column\">\n\t\t\t<div class=\"elementor-widget-wrap elementor-element-populated\">\n\t\t\t\t\t\t\t\t<div class=\"elementor-element elementor-element-e6db282 elementor-widget elementor-widget-builty-faq\" data-id=\"e6db282\" data-element_type=\"widget\" data-widget_type=\"builty-faq.default\">\n\t\t\t\t<div class=\"elementor-widget-container\">\n\t\t\t\n\t\t\t\t<div class=\"acc2\">\n\t\t\t<div class=\"accordion\" id=\"accordionExample\">\n\t\t\t\t\t\t\t\t<div class=\"accordion-item\">\n\t\t\t\t\t\t\t\t\t\t<div class=\"intro-title accordion-header\" id=\"heading-1\">\n\t\t\t\t\t\t<button class=\"accordion-button collapsed\" type=\"button\" data-bs-toggle=\"collapse\" data-bs-target=\"#collapse-1\" aria-expanded=\"false\" aria-controls=\"collapse-1\">\n\t\t\t\t\t\t\t<span >\n\t  \t\t\t\t\t\tOccupational Health Risk Management?\t  \t\t\t\t\t<\/span>\n\t\t\t\t\t\t<\/button>\n\t\t\t\t\t<\/div>\n\t\t\t\t\t\t\t\t\t\t\t\t\t\t\t<div id=\"collapse-1\" class=\"accordion-collapse collapse\" aria-labelledby=\"heading-1\" data-bs-parent=\"#accordionExample\">\n\t\t\t\t\t\t<div class=\"accordion-body\">\n\t\t\t\t\t\t\t<div >\n\t\t\t\t\t\t\t\t<p>Commercial management in construction ensures the planning, execution, and coordination of a construction project from the start to finish. These are often for specific projects such as building or renovation projects that are sold or leased.<\/p>\t\t\t\t\t\t\t<\/div>\n\t\t\t\t\t\t<\/div>\n\t\t\t\t\t<\/div>\n\t\t\t\t\t\t\t\t\t<\/div>\n\t\t\t\t\t\t\t\t<div class=\"accordion-item\">\n\t\t\t\t\t\t\t\t\t\t<div class=\"intro-title accordion-header\" id=\"heading-2\">\n\t\t\t\t\t\t<button class=\"accordion-button collapsed\" type=\"button\" data-bs-toggle=\"collapse\" data-bs-target=\"#collapse-2\" aria-expanded=\"false\" aria-controls=\"collapse-2\">\n\t\t\t\t\t\t\t<span >\n\t  \t\t\t\t\t\tWhat is commercial management in construction?\t  \t\t\t\t\t<\/span>\n\t\t\t\t\t\t<\/button>\n\t\t\t\t\t<\/div>\n\t\t\t\t\t\t\t\t\t\t\t\t\t\t\t<div id=\"collapse-2\" class=\"accordion-collapse collapse\" aria-labelledby=\"heading-2\" data-bs-parent=\"#accordionExample\">\n\t\t\t\t\t\t<div class=\"accordion-body\">\n\t\t\t\t\t\t\t<div >\n\t\t\t\t\t\t\t\tCommercial management in construction ensures the planning, execution, and coordination of a construction project from the start to finish. These are often for specific projects such as building or renovation projects that are sold or leased.\t\t\t\t\t\t\t<\/div>\n\t\t\t\t\t\t<\/div>\n\t\t\t\t\t<\/div>\n\t\t\t\t\t\t\t\t\t<\/div>\n\t\t\t\t\t\t\t\t<div class=\"accordion-item\">\n\t\t\t\t\t\t\t\t\t\t<div class=\"intro-title accordion-header\" id=\"heading-3\">\n\t\t\t\t\t\t<button class=\"accordion-button collapsed\" type=\"button\" data-bs-toggle=\"collapse\" data-bs-target=\"#collapse-3\" aria-expanded=\"false\" aria-controls=\"collapse-3\">\n\t\t\t\t\t\t\t<span >\n\t  \t\t\t\t\t\tStart a construction management?\t  \t\t\t\t\t<\/span>\n\t\t\t\t\t\t<\/button>\n\t\t\t\t\t<\/div>\n\t\t\t\t\t\t\t\t\t\t\t\t\t\t\t<div id=\"collapse-3\" class=\"accordion-collapse collapse\" aria-labelledby=\"heading-3\" data-bs-parent=\"#accordionExample\">\n\t\t\t\t\t\t<div class=\"accordion-body\">\n\t\t\t\t\t\t\t<div >\n\t\t\t\t\t\t\t\tCommercial management in construction ensures the planning, execution, and coordination of a construction project from the start to finish. These are often for specific projects such as building or renovation projects that are sold or leased.\t\t\t\t\t\t\t<\/div>\n\t\t\t\t\t\t<\/div>\n\t\t\t\t\t<\/div>\n\t\t\t\t\t\t\t\t\t<\/div>\n\t\t\t\t\t\t\t\t<div class=\"accordion-item\">\n\t\t\t\t\t\t\t\t\t\t<div class=\"intro-title accordion-header\" id=\"heading-4\">\n\t\t\t\t\t\t<button class=\"accordion-button collapsed\" type=\"button\" data-bs-toggle=\"collapse\" data-bs-target=\"#collapse-4\" aria-expanded=\"false\" aria-controls=\"collapse-4\">\n\t\t\t\t\t\t\t<span >\n\t  \t\t\t\t\t\tMeasure quality in construction projects?\t  \t\t\t\t\t<\/span>\n\t\t\t\t\t\t<\/button>\n\t\t\t\t\t<\/div>\n\t\t\t\t\t\t\t\t\t\t\t\t\t\t\t<div id=\"collapse-4\" class=\"accordion-collapse collapse\" aria-labelledby=\"heading-4\" data-bs-parent=\"#accordionExample\">\n\t\t\t\t\t\t<div class=\"accordion-body\">\n\t\t\t\t\t\t\t<div >\n\t\t\t\t\t\t\t\tCommercial management in construction ensures the planning, execution, and coordination of a construction project from the start to finish. These are often for specific projects such as building or renovation projects that are sold or leased.\t\t\t\t\t\t\t<\/div>\n\t\t\t\t\t\t<\/div>\n\t\t\t\t\t<\/div>\n\t\t\t\t\t\t\t\t\t<\/div>\n\t\t\t\t\t\t\t\t<div class=\"accordion-item\">\n\t\t\t\t\t\t\t\t\t\t<div class=\"intro-title accordion-header\" id=\"heading-5\">\n\t\t\t\t\t\t<button class=\"accordion-button collapsed\" type=\"button\" data-bs-toggle=\"collapse\" data-bs-target=\"#collapse-5\" aria-expanded=\"false\" aria-controls=\"collapse-5\">\n\t\t\t\t\t\t\t<span >\n\t  \t\t\t\t\t\tPrepare a construction project schedule?\t  \t\t\t\t\t<\/span>\n\t\t\t\t\t\t<\/button>\n\t\t\t\t\t<\/div>\n\t\t\t\t\t\t\t\t\t\t\t\t\t\t\t<div id=\"collapse-5\" class=\"accordion-collapse collapse\" aria-labelledby=\"heading-5\" data-bs-parent=\"#accordionExample\">\n\t\t\t\t\t\t<div class=\"accordion-body\">\n\t\t\t\t\t\t\t<div >\n\t\t\t\t\t\t\t\tCommercial management in construction ensures the planning, execution, and coordination of a construction project from the start to finish. These are often for specific projects such as building or renovation projects that are sold or leased.\t\t\t\t\t\t\t<\/div>\n\t\t\t\t\t\t<\/div>\n\t\t\t\t\t<\/div>\n\t\t\t\t\t\t\t\t\t<\/div>\n\t\t\t\t\t\t\t<\/div>\n\t\t<\/div>\n    \n\t\t\t\t<\/div>\n\t\t\t\t<\/div>\n\t\t\t\t\t<\/div>\n\t\t<\/div>\n\t\t\t\t\t\t\t<\/div>\n\t\t<\/section>\n\t\t\t\t<section class=\"elementor-section elementor-top-section elementor-element elementor-element-95c0609 elementor-section-full_width elementor-section-height-default elementor-section-height-default\" data-id=\"95c0609\" data-element_type=\"section\">\n\t\t\t\t\t\t<div class=\"elementor-container elementor-column-gap-no\">\n\t\t\t\t\t<div class=\"elementor-column elementor-col-100 elementor-top-column elementor-element elementor-element-6e8e51e\" data-id=\"6e8e51e\" data-element_type=\"column\">\n\t\t\t<div class=\"elementor-widget-wrap elementor-element-populated\">\n\t\t\t\t\t\t\t\t<div class=\"elementor-element elementor-element-c7e602f elementor-widget elementor-widget-google_maps\" data-id=\"c7e602f\" data-element_type=\"widget\" data-widget_type=\"google_maps.default\">\n\t\t\t\t<div class=\"elementor-widget-container\">\n\t\t\t<style>\/*! elementor - v3.16.0 - 14-09-2023 *\/\n.elementor-widget-google_maps .elementor-widget-container{overflow:hidden}.elementor-widget-google_maps .elementor-custom-embed{line-height:0}.elementor-widget-google_maps iframe{height:300px}<\/style>\t\t<div class=\"elementor-custom-embed\">\n\t\t\t<iframe loading=\"lazy\"\n\t\t\t\t\tsrc=\"https:\/\/www.google.com\/maps\/embed\/v1\/place?key=AIzaSyCwe4LGnFw0KfuEFIrOwQraHnmfJvHDflo&#038;q=Sat%20Bucsoaia%2C%20Oras%20Frasin%2C%20Nr%20Cadastral%2031510%2C%20jud.%20Suceava&#038;zoom=10\"\n\t\t\t\t\ttitle=\"Sat Bucsoaia, Oras Frasin, Nr Cadastral 31510, jud. Suceava\"\n\t\t\t\t\taria-label=\"Sat Bucsoaia, Oras Frasin, Nr Cadastral 31510, jud. Suceava\"\n\t\t\t><\/iframe>\n\t\t<\/div>\n\t\t\t\t<\/div>\n\t\t\t\t<\/div>\n\t\t\t\t\t<\/div>\n\t\t<\/div>\n\t\t\t\t\t\t\t<\/div>\n\t\t<\/section>\n\t\t\t\t\t\t\t<\/div>\n\t\t","protected":false},"excerpt":{"rendered":"<p>Contact Home Cum putem s\u0103 te ajut\u0103m? \u00ce\u021bi St\u0103m La Dispozi\u021bie! Ai \u00eentreb\u0103ri legate de produsele noastre? Ne po\u021bi contacta.. <span class=\"read-more\"><a href=\"https:\/\/structuribeton.ro\/?page_id=858\" class=\"theme-btn\"><span>Read more<\/span><i class=\"fas fa-angle-double-right\"><\/i><\/a><\/span><\/p>\n","protected":false},"author":1,"featured_media":0,"parent":0,"menu_order":0,"comment_status":"closed","ping_status":"closed","template":"template-layout-builder.php","meta":{"_monsterinsights_skip_tracking":false,"_monsterinsights_sitenote_active":false,"_monsterinsights_sitenote_note":"","_monsterinsights_sitenote_category":0,"footnotes":""},"acf":[],"aioseo_notices":[],"_links":{"self":[{"href":"https:\/\/structuribeton.ro\/index.php?rest_route=\/wp\/v2\/pages\/858"}],"collection":[{"href":"https:\/\/structuribeton.ro\/index.php?rest_route=\/wp\/v2\/pages"}],"about":[{"href":"https:\/\/structuribeton.ro\/index.php?rest_route=\/wp\/v2\/types\/page"}],"author":[{"embeddable":true,"href":"https:\/\/structuribeton.ro\/index.php?rest_route=\/wp\/v2\/users\/1"}],"replies":[{"embeddable":true,"href":"https:\/\/structuribeton.ro\/index.php?rest_route=%2Fwp%2Fv2%2Fcomments&post=858"}],"version-history":[{"count":12,"href":"https:\/\/structuribeton.ro\/index.php?rest_route=\/wp\/v2\/pages\/858\/revisions"}],"predecessor-version":[{"id":2564,"href":"https:\/\/structuribeton.ro\/index.php?rest_route=\/wp\/v2\/pages\/858\/revisions\/2564"}],"wp:attachment":[{"href":"https:\/\/structuribeton.ro\/index.php?rest_route=%2Fwp%2Fv2%2Fmedia&parent=858"}],"curies":[{"name":"wp","href":"https:\/\/api.w.org\/{rel}","templated":true}]}}