{"id":758,"date":"2022-10-12T18:04:55","date_gmt":"2022-10-12T18:04:55","guid":{"rendered":"https:\/\/builty-demo.bslthemes.com\/?page_id=758"},"modified":"2023-10-29T22:05:07","modified_gmt":"2023-10-29T22:05:07","slug":"core-values","status":"publish","type":"page","link":"https:\/\/structuribeton.ro\/?page_id=758","title":{"rendered":"Despre Noi"},"content":{"rendered":"\t\t<div data-elementor-type=\"wp-page\" data-elementor-id=\"758\" class=\"elementor elementor-758\">\n\t\t\t\t\t\t\t\t\t<section class=\"elementor-section elementor-top-section elementor-element elementor-element-0a7f766 elementor-section-full_width elementor-section-height-default elementor-section-height-default\" data-id=\"0a7f766\" data-element_type=\"section\">\n\t\t\t\t\t\t<div class=\"elementor-container elementor-column-gap-no\">\n\t\t\t\t\t<div class=\"elementor-column elementor-col-100 elementor-top-column elementor-element elementor-element-c533e83\" data-id=\"c533e83\" data-element_type=\"column\">\n\t\t\t<div class=\"elementor-widget-wrap elementor-element-populated\">\n\t\t\t\t\t\t\t\t<div class=\"elementor-element elementor-element-b843826 elementor-widget elementor-widget-builty-intro\" data-id=\"b843826\" data-element_type=\"widget\" data-widget_type=\"builty-intro.default\">\n\t\t\t\t<div class=\"elementor-widget-container\">\n\t\t\t\n\t\t<!-- Banner Style One Start -->\n\t  <section class=\"banner-style-one\">\n\t\t\t\t\t  <div class=\"parallax\" style=\"background-image: url('https:\/\/structuribeton.ro\/wp-content\/uploads\/2022\/10\/pattren-3.png');\"><\/div>\n\t\t\t\t    <div class=\"container\">\n\t      <div class=\"row\">\n\t\t\t\t\t\t\t\t\t\t<div class=\"banner-details\">\n\t\t\t\t\t\t\t\t\t\t\t\t<h1 class=\"intro-title\">\n\t\t\t\t\t\t\t<span >\n\t\t\t\t\t\t\t\tDespre Noi\t\t\t\t\t\t\t<\/span>\n\t\t\t\t\t\t<\/h1>\n\t\t\t\t\t\t\t\t\t\t\t\t\t          <p>\n\t\t\t\t\t\t\t<span >\n\t\t\t\t\t\t\t\tExperien\u021ba \u0219i valorile noastre\t\t\t\t\t\t\t<\/span>\n\t\t\t\t\t\t<\/p>\n\t\t\t\t\t\t\t        <\/div>\n\t\t\t\t\t\t      <\/div>\n\t    <\/div>\n\t\t\t\t    <div class=\"breadcrums\">\n\t      <div class=\"container\">\n\t        <div class=\"row\">\n\t\t\t\t\t\t<ul><li><a href=\"https:\/\/structuribeton.ro\" title=\"Structuribeton.ro\"><i class=\"fas fa-home\"><\/i><span>Home<\/span><\/a><\/li><li class=\"current\"><a><span><\/span><\/a><\/li><\/ul>\t        <\/div>\n\t      <\/div>\n\t    <\/div>\n\t\t\t\t  <\/section>\n\t  <!-- Banner Style One End -->\n\n\t\t\t\t<\/div>\n\t\t\t\t<\/div>\n\t\t\t\t\t<\/div>\n\t\t<\/div>\n\t\t\t\t\t\t\t<\/div>\n\t\t<\/section>\n\t\t<div class=\"elementor-element elementor-element-7c707c7 e-flex e-con-boxed e-con e-parent\" data-id=\"7c707c7\" data-element_type=\"container\" data-settings=\"{&quot;content_width&quot;:&quot;boxed&quot;}\" data-core-v316-plus=\"true\">\n\t\t\t\t\t<div class=\"e-con-inner\">\n\t\t\t\t<div class=\"elementor-element elementor-element-17fbe12 elementor-widget elementor-widget-builty-about-us\" data-id=\"17fbe12\" data-element_type=\"widget\" data-widget_type=\"builty-about-us.default\">\n\t\t\t\t<div class=\"elementor-widget-container\">\n\t\t\t\n\t\t<!-- About Style One Start -->\n\t  <section class=\"gap no-top about-style-one\">\n\t    <div class=\"container\">\n\t      <div class=\"row\">\n\t        <div class=\"col-lg-6\" >\n\t          <div class=\"about-data-left\">\n\t\t\t\t\t\t\t\t            <figure>\n\t              <img decoding=\"async\" src=\"https:\/\/structuribeton.ro\/wp-content\/uploads\/2023\/10\/WhatsApp-Image-2023-10-22-at-16.44.53-950x1689.jpeg\" alt=\"Bine a\u021bi venit!\">\n\t            <\/figure>\n\t\t\t\t\t\t\t\t\t\t\t\t\t\t\t            <figure class=\"about-image\">\n\t              <img decoding=\"async\" src=\"https:\/\/structuribeton.ro\/wp-content\/uploads\/2023\/10\/WhatsApp-Image-2023-10-24-at-12.38.29.jpeg\" alt=\"Bine a\u021bi venit!\">\n\t            <\/figure>\n\t\t\t\t\t\t\t\t          <\/div>\n\t        <\/div>\n\t        <div class=\"col-lg-6\" >\n\t          <div class=\"about-data-right\">\n\t\t\t\t\t\t\t\t\t\t\t\t\t\t<span >\n\t\t\t\t\t\t\t\tBine a\u021bi venit!\t\t\t\t\t\t\t<\/span>\n\t\t\t\t\t\t\t\t\t\t\t\t\t\t\t            <h2>\n\t\t\t\t\t\t\t\t<span >\n\t\t\t\t\t\t\t\t\tSpecializa\u021bi \u00een produc\u021bia produselor din beton \t\t\t\t\t\t\t\t<\/span>\n\t\t\t\t\t\t\t<\/h2>\n\t\t\t\t\t\t\t\t            <div class=\"about-info\">\n\t\t\t\t\t\t\t\t\t\t\t\t\t\t\t\t<div >\n\t        \t\t\t  <p>Cu o experien\u021b\u0103 solid\u0103 \u00een industria construc\u021biilor \u0219i o pasiune pentru calitate, ne eviden\u021biem \u00een furnizarea de solu\u021bii de construc\u021bii durabile \u0219i de \u00eencredere.<\/p><p>St\u00e2lpii din beton \u0219i blocurile din beton reprezint\u0103 elemente esen\u021biale \u00een orice proiect de construc\u021bie. Aceste componente formeaz\u0103 baza solid\u0103 pe care se ridic\u0103 cl\u0103dirile, structurile de sus\u021binere \u0219i infrastructura.<\/p><p>La Structuri Beton, suntem dedica\u021bi producerii acestor elemente critice cu o aten\u021bie meticuloas\u0103 la detalii, asigur\u00e2ndu-ne c\u0103 acestea \u00eendeplinesc cele mai \u00eenalte standarde de calitate \u0219i rezisten\u021b\u0103.<\/p>\t        \t\t\t<\/div>\n\t\t\t\t\t\t\t\t\t\t\t\t\t\t\t\t\t\t\t\t\t\t\t\t\t\t\t\t\t\t\t\t\t            <\/div>\n\t          <\/div>\n\t        <\/div>\n\t      <\/div>\n\t    <\/div>\n\t  <\/section>\n\t  <!-- About Style One End -->\n\n\t\t\t\t<\/div>\n\t\t\t\t<\/div>\n\t\t\t\t\t<\/div>\n\t\t\t\t<\/div>\n\t\t\t\t<section class=\"elementor-section elementor-top-section elementor-element elementor-element-44ee6ba elementor-section-full_width elementor-section-height-default elementor-section-height-default\" data-id=\"44ee6ba\" data-element_type=\"section\">\n\t\t\t\t\t\t<div class=\"elementor-container elementor-column-gap-no\">\n\t\t\t\t\t<div class=\"elementor-column elementor-col-100 elementor-top-column elementor-element elementor-element-7dcb3e0\" data-id=\"7dcb3e0\" data-element_type=\"column\">\n\t\t\t<div class=\"elementor-widget-wrap elementor-element-populated\">\n\t\t\t\t\t\t\t\t<div class=\"elementor-element elementor-element-6d0ae59 elementor-widget elementor-widget-builty-core-values\" data-id=\"6d0ae59\" data-element_type=\"widget\" data-widget_type=\"builty-core-values.default\">\n\t\t\t\t<div class=\"elementor-widget-container\">\n\t\t\t\n\t\t<!-- Core Values Start -->\n\t  <section class=\"gap no-top core-values\">\n\t\t\t\t\t\t<div class=\"heading\">\n\t\t\t\t\t      <figure>\n\t        <img decoding=\"async\" src=\"https:\/\/structuribeton.ro\/wp-content\/uploads\/2022\/09\/heading-icon.png\" alt=\"heading-icon\">\n\t      <\/figure>\n\t\t\t\t\t\t\t\t\t\t\t\t<span >\n\t\t\t\t\tfundamentale pentru succes\t\t\t\t<\/span>\n\t\t\t\t\t\t\t\t\t      <h2>\n\t\t\t\t\t<span >\n\t\t\t\t\t\tValorile Noastre\t\t\t\t\t<\/span>\n\t\t\t\t<\/h2>\n\t\t\t\t\t    <\/div>\n\t\t\t\n\t\t\t\t    <div class=\"container\">\n\t      <div class=\"row\">\n\t        <ul>\n\t\t\t\t\t\t\t          <li>\n\t\t\t\t\t\t\t<div class=\"data\">\n\t\t\t\t\t\t\t\t\t              <div class=\"h3\">\n\t\t\t\t\t\t\t\t\t\t\t\t\t\t\t\t\t\t<span >\n\t\t\t\t\t\t\t\t\t\tCalitate\t\t\t\t\t\t\t\t\t<\/span>\n\t\t\t\t\t\t\t\t\t\t\t\t\t\t\t\t\t<\/div>\n\t\t\t\t\t\t\t\t\t\t\t\t\t\t\t\t\t\t\t\t\t\t\t\t<div >\n\t\t\t\t\t\t\t\t\t<p>Ne angaj\u0103m s\u0103 furniz\u0103m produse din beton de cea mai \u00eenalt\u0103 calitate, menite s\u0103 reziste testului timpului \u0219i s\u0103 satisfac\u0103 cele mai exigente standarde de performan\u021b\u0103 \u0219i siguran\u021b\u0103.<\/p>\t\t\t\t\t\t\t\t<\/div>\n\t\t\t\t\t\t\t\t\t            <\/div>\n\t\t\t\t\t\t\t<div class=\"image\">\n\t\t\t\t\t\t\t\t\t\t\t\t\t\t\t\t<figure>\n\t                <img decoding=\"async\" class=\"w-100\" src=\"https:\/\/structuribeton.ro\/wp-content\/uploads\/2023\/10\/Blocuri-modulare-din-beton-zid-950x713.jpeg\" alt=\"Calitate\">\n\t              <\/figure>\n\t\t\t\t\t\t\t\t\t            <\/div>\n\t          <\/li>\n\t\t\t\t\t\t\t          <li>\n\t\t\t\t\t\t\t<div class=\"data\">\n\t\t\t\t\t\t\t\t\t              <div class=\"h3\">\n\t\t\t\t\t\t\t\t\t\t\t\t\t\t\t\t\t\t<span >\n\t\t\t\t\t\t\t\t\t\tDurabilitate\t\t\t\t\t\t\t\t\t<\/span>\n\t\t\t\t\t\t\t\t\t\t\t\t\t\t\t\t\t<\/div>\n\t\t\t\t\t\t\t\t\t\t\t\t\t\t\t\t\t\t\t\t\t\t\t\t<div >\n\t\t\t\t\t\t\t\t\t<p>Suntem dedica\u021bi promov\u0103rii construc\u021biilor durabile, contribuind astfel la conservarea mediului \u0219i la crearea unui viitor mai bun pentru genera\u021biile viitoare.<\/p>\t\t\t\t\t\t\t\t<\/div>\n\t\t\t\t\t\t\t\t\t            <\/div>\n\t\t\t\t\t\t\t<div class=\"image\">\n\t\t\t\t\t\t\t\t\t\t\t\t\t\t\t\t<figure>\n\t                <img decoding=\"async\" class=\"w-100\" src=\"https:\/\/structuribeton.ro\/wp-content\/uploads\/2023\/10\/WhatsApp-Image-2023-09-25-at-19.51.06-1-950x713.jpeg\" alt=\"Durabilitate\">\n\t              <\/figure>\n\t\t\t\t\t\t\t\t\t            <\/div>\n\t          <\/li>\n\t\t\t\t\t\t\t          <li>\n\t\t\t\t\t\t\t<div class=\"data\">\n\t\t\t\t\t\t\t\t\t              <div class=\"h3\">\n\t\t\t\t\t\t\t\t\t\t\t\t\t\t\t\t\t\t<span >\n\t\t\t\t\t\t\t\t\t\tIntegritate\t\t\t\t\t\t\t\t\t<\/span>\n\t\t\t\t\t\t\t\t\t\t\t\t\t\t\t\t\t<\/div>\n\t\t\t\t\t\t\t\t\t\t\t\t\t\t\t\t\t\t\t\t\t\t\t\t<div >\n\t\t\t\t\t\t\t\t\t<p>Ne ghid\u0103m activitatea dup\u0103 principii etice \u0219i de corectitudine, asigur\u00e2ndu-ne c\u0103 onor\u0103m cu stricte\u021be angajamentele luate fa\u021b\u0103 de clien\u021bi, parteneri \u0219i colaboratori.<\/p>\t\t\t\t\t\t\t\t<\/div>\n\t\t\t\t\t\t\t\t\t            <\/div>\n\t\t\t\t\t\t\t<div class=\"image\">\n\t\t\t\t\t\t\t\t\t\t\t\t\t\t\t\t<figure>\n\t                <img decoding=\"async\" class=\"w-100\" src=\"https:\/\/structuribeton.ro\/wp-content\/uploads\/2023\/02\/core-v1-min-950x634.jpg\" alt=\"Integritate\">\n\t              <\/figure>\n\t\t\t\t\t\t\t\t\t            <\/div>\n\t          <\/li>\n\t\t\t\t\t\t\t          <li>\n\t\t\t\t\t\t\t<div class=\"data\">\n\t\t\t\t\t\t\t\t\t              <div class=\"h3\">\n\t\t\t\t\t\t\t\t\t\t\t\t\t\t\t\t\t\t<span >\n\t\t\t\t\t\t\t\t\t\tAngajament fa\u021b\u0103 de client\t\t\t\t\t\t\t\t\t<\/span>\n\t\t\t\t\t\t\t\t\t\t\t\t\t\t\t\t\t<\/div>\n\t\t\t\t\t\t\t\t\t\t\t\t\t\t\t\t\t\t\t\t\t\t\t\t<div >\n\t\t\t\t\t\t\t\t\t<p>Clientul este \u00een centrul a tot ceea ce facem. Suntem mereu aten\u021bi la nevoile \u0219i cerin\u021bele clien\u021bilor no\u0219tri \u0219i ne str\u0103duim s\u0103 le oferim solu\u021bii personalizate \u0219i satisfac\u021bie deplin\u0103.<\/p>\t\t\t\t\t\t\t\t<\/div>\n\t\t\t\t\t\t\t\t\t            <\/div>\n\t\t\t\t\t\t\t<div class=\"image\">\n\t\t\t\t\t\t\t\t\t\t\t\t\t\t\t\t<figure>\n\t                <img decoding=\"async\" class=\"w-100\" src=\"https:\/\/structuribeton.ro\/wp-content\/uploads\/2023\/02\/home2-about-2-min-950x634.jpg\" alt=\"Angajament fa\u021b\u0103 de client\">\n\t              <\/figure>\n\t\t\t\t\t\t\t\t\t            <\/div>\n\t          <\/li>\n\t\t\t\t\t\t\t          <li>\n\t\t\t\t\t\t\t<div class=\"data\">\n\t\t\t\t\t\t\t\t\t              <div class=\"h3\">\n\t\t\t\t\t\t\t\t\t\t\t\t\t\t\t\t\t\t<span >\n\t\t\t\t\t\t\t\t\t\tResponsabilitate social\u0103 \u0219i de mediu\t\t\t\t\t\t\t\t\t<\/span>\n\t\t\t\t\t\t\t\t\t\t\t\t\t\t\t\t\t<\/div>\n\t\t\t\t\t\t\t\t\t\t\t\t\t\t\t\t\t\t\t\t\t\t\t\t<div >\n\t\t\t\t\t\t\t\t\t<p>Ne implic\u0103m \u00een comunitate \u0219i ne asum\u0103m responsabilitatea fa\u021b\u0103 de mediul \u00eenconjur\u0103tor, promov\u00e2nd practici de afaceri responsabile.<\/p>\t\t\t\t\t\t\t\t<\/div>\n\t\t\t\t\t\t\t\t\t            <\/div>\n\t\t\t\t\t\t\t<div class=\"image\">\n\t\t\t\t\t\t\t\t\t\t\t\t\t\t\t\t<figure>\n\t                <img decoding=\"async\" class=\"w-100\" src=\"https:\/\/structuribeton.ro\/wp-content\/uploads\/2023\/02\/service7-min-950x632.jpg\" alt=\"Responsabilitate social\u0103 \u0219i de mediu\">\n\t              <\/figure>\n\t\t\t\t\t\t\t\t\t            <\/div>\n\t          <\/li>\n\t\t\t\t\t\t\t        <\/ul>\n\t      <\/div>\n\t    <\/div>\n\t\t\t\t  <\/section>\n\t  <!-- Core Values End -->\n\n\t\t\t\t<\/div>\n\t\t\t\t<\/div>\n\t\t\t\t\t<\/div>\n\t\t<\/div>\n\t\t\t\t\t\t\t<\/div>\n\t\t<\/section>\n\t\t\t\t<section class=\"elementor-section elementor-top-section elementor-element elementor-element-62b0f84 elementor-section-full_width elementor-section-height-default elementor-section-height-default\" data-id=\"62b0f84\" data-element_type=\"section\">\n\t\t\t\t\t\t<div class=\"elementor-container elementor-column-gap-no\">\n\t\t\t\t\t<div class=\"elementor-column elementor-col-100 elementor-top-column elementor-element elementor-element-a912d67\" data-id=\"a912d67\" data-element_type=\"column\">\n\t\t\t<div class=\"elementor-widget-wrap elementor-element-populated\">\n\t\t\t\t\t\t\t\t<div class=\"elementor-element elementor-element-3f9b28c elementor-widget elementor-widget-builty-gallery-grid\" data-id=\"3f9b28c\" data-element_type=\"widget\" data-widget_type=\"builty-gallery-grid.default\">\n\t\t\t\t<div class=\"elementor-widget-container\">\n\t\t\t\n\t\t<!-- Gallery Style One Start -->\n\t\t<div class=\"gallery-style-one\">\n\t\t\t<div class=\"container-fluid g-0\">\n\t\t\t\t\t\t\t\t<div class=\"row g-0\">\n\t\t\t\t\t\t\t\t\t\t<div class=\"col-lg-3 col-md-6 col-sm-6\">\n\t\t\t\t\t\t\t\t\t\t\t\t<figure>\n\t\t\t\t\t\t\t<a data-elementor-lightbox-slideshow=\"gallery\" data-elementor-lightbox-title=\"Image #1\" href=\"https:\/\/structuribeton.ro\/wp-content\/uploads\/2023\/10\/Blocuri-modulare-din-beton-zid.jpeg\" title=\"Image #1\">\n\t\t\t\t\t\t\t\t<img decoding=\"async\" class=\"img-fluid w-100\" src=\"https:\/\/structuribeton.ro\/wp-content\/uploads\/2023\/10\/Blocuri-modulare-din-beton-zid-950x713.jpeg\" alt=\"Image #1\" >\n\t\t\t\t\t\t\t<\/a>\n\t\t\t\t\t\t<\/figure>\n\t\t\t\t\t\t\t\t\t\t\t<\/div>\n\t\t\t\t\t\t\t\t\t\t<div class=\"col-lg-3 col-md-6 col-sm-6\">\n\t\t\t\t\t\t\t\t\t\t\t\t<figure>\n\t\t\t\t\t\t\t<a data-elementor-lightbox-slideshow=\"gallery\" data-elementor-lightbox-title=\"Image #2\" href=\"https:\/\/structuribeton.ro\/wp-content\/uploads\/2023\/10\/WhatsApp-Image-2023-09-07-at-17.50.54.jpeg\" title=\"Image #2\">\n\t\t\t\t\t\t\t\t<img decoding=\"async\" class=\"img-fluid w-100\" src=\"https:\/\/structuribeton.ro\/wp-content\/uploads\/2023\/10\/WhatsApp-Image-2023-09-07-at-17.50.54-950x713.jpeg\" alt=\"Image #2\" >\n\t\t\t\t\t\t\t<\/a>\n\t\t\t\t\t\t<\/figure>\n\t\t\t\t\t\t\t\t\t\t\t<\/div>\n\t\t\t\t\t\t\t\t\t\t<div class=\"col-lg-3 col-md-6 col-sm-6\">\n\t\t\t\t\t\t\t\t\t\t\t\t<figure>\n\t\t\t\t\t\t\t<a data-elementor-lightbox-slideshow=\"gallery\" data-elementor-lightbox-title=\"Image #3\" href=\"https:\/\/structuribeton.ro\/wp-content\/uploads\/2023\/10\/WhatsApp-Image-2023-10-24-at-12.38.36-1.jpeg\" title=\"Image #3\">\n\t\t\t\t\t\t\t\t<img decoding=\"async\" class=\"img-fluid w-100\" src=\"https:\/\/structuribeton.ro\/wp-content\/uploads\/2023\/10\/WhatsApp-Image-2023-10-24-at-12.38.36-1.jpeg\" alt=\"Image #3\" >\n\t\t\t\t\t\t\t<\/a>\n\t\t\t\t\t\t<\/figure>\n\t\t\t\t\t\t\t\t\t\t\t<\/div>\n\t\t\t\t\t\t\t\t\t\t<div class=\"col-lg-3 col-md-6 col-sm-6\">\n\t\t\t\t\t\t\t\t\t\t\t\t<figure>\n\t\t\t\t\t\t\t<a data-elementor-lightbox-slideshow=\"gallery\" data-elementor-lightbox-title=\"Image #4\" href=\"https:\/\/structuribeton.ro\/wp-content\/uploads\/2023\/10\/WhatsApp-Image-2023-09-25-at-19.51.07-1.jpeg\" title=\"Image #4\">\n\t\t\t\t\t\t\t\t<img decoding=\"async\" class=\"img-fluid w-100\" src=\"https:\/\/structuribeton.ro\/wp-content\/uploads\/2023\/10\/WhatsApp-Image-2023-09-25-at-19.51.07-1-950x713.jpeg\" alt=\"Image #4\" >\n\t\t\t\t\t\t\t<\/a>\n\t\t\t\t\t\t<\/figure>\n\t\t\t\t\t\t\t\t\t\t\t<\/div>\n\t\t\t\t\t\t\t\t\t\t<div class=\"col-lg-3 col-md-6 col-sm-6\">\n\t\t\t\t\t\t\t\t\t\t\t\t<figure>\n\t\t\t\t\t\t\t<a data-elementor-lightbox-slideshow=\"gallery\" data-elementor-lightbox-title=\"Image #5\" href=\"https:\/\/structuribeton.ro\/wp-content\/uploads\/2023\/10\/WhatsApp-Image-2023-09-25-at-19.51.06.jpeg\" title=\"Image #5\">\n\t\t\t\t\t\t\t\t<img decoding=\"async\" class=\"img-fluid w-100\" src=\"https:\/\/structuribeton.ro\/wp-content\/uploads\/2023\/10\/WhatsApp-Image-2023-09-25-at-19.51.06-950x713.jpeg\" alt=\"Image #5\" >\n\t\t\t\t\t\t\t<\/a>\n\t\t\t\t\t\t<\/figure>\n\t\t\t\t\t\t\t\t\t\t\t<\/div>\n\t\t\t\t\t\t\t\t\t\t<div class=\"col-lg-3 col-md-6 col-sm-6\">\n\t\t\t\t\t\t\t\t\t\t\t\t<figure>\n\t\t\t\t\t\t\t<a data-elementor-lightbox-slideshow=\"gallery\" data-elementor-lightbox-title=\"Image #6\" href=\"https:\/\/structuribeton.ro\/wp-content\/uploads\/2023\/10\/WhatsApp-Image-2023-09-25-at-19.51.06-1.jpeg\" title=\"Image #6\">\n\t\t\t\t\t\t\t\t<img decoding=\"async\" class=\"img-fluid w-100\" src=\"https:\/\/structuribeton.ro\/wp-content\/uploads\/2023\/10\/WhatsApp-Image-2023-09-25-at-19.51.06-1-950x713.jpeg\" alt=\"Image #6\" >\n\t\t\t\t\t\t\t<\/a>\n\t\t\t\t\t\t<\/figure>\n\t\t\t\t\t\t\t\t\t\t\t<\/div>\n\t\t\t\t\t\t\t\t\t\t<div class=\"col-lg-3 col-md-6 col-sm-6\">\n\t\t\t\t\t\t\t\t\t\t\t\t<figure>\n\t\t\t\t\t\t\t<a data-elementor-lightbox-slideshow=\"gallery\" data-elementor-lightbox-title=\"Image #7\" href=\"https:\/\/structuribeton.ro\/wp-content\/uploads\/2023\/10\/WhatsApp-Image-2023-10-22-at-16.44.53-2.jpeg\" title=\"Image #7\">\n\t\t\t\t\t\t\t\t<img decoding=\"async\" class=\"img-fluid w-100\" src=\"https:\/\/structuribeton.ro\/wp-content\/uploads\/2023\/10\/WhatsApp-Image-2023-10-22-at-16.44.53-2-950x1267.jpeg\" alt=\"Image #7\" >\n\t\t\t\t\t\t\t<\/a>\n\t\t\t\t\t\t<\/figure>\n\t\t\t\t\t\t\t\t\t\t\t<\/div>\n\t\t\t\t\t\t\t\t\t\t<div class=\"col-lg-3 col-md-6 col-sm-6\">\n\t\t\t\t\t\t\t\t\t\t\t\t<figure>\n\t\t\t\t\t\t\t<a data-elementor-lightbox-slideshow=\"gallery\" data-elementor-lightbox-title=\"Image #8\" href=\"https:\/\/structuribeton.ro\/wp-content\/uploads\/2023\/10\/WhatsApp-Image-2023-09-25-at-19.51.07.jpeg\" title=\"Image #8\">\n\t\t\t\t\t\t\t\t<img decoding=\"async\" class=\"img-fluid w-100\" src=\"https:\/\/structuribeton.ro\/wp-content\/uploads\/2023\/10\/WhatsApp-Image-2023-09-25-at-19.51.07-950x713.jpeg\" alt=\"Image #8\" >\n\t\t\t\t\t\t\t<\/a>\n\t\t\t\t\t\t<\/figure>\n\t\t\t\t\t\t\t\t\t\t\t<\/div>\n\t\t\t\t\t\t\t\t\t<\/div>\n\t\t\t\t\t\t\t<\/div>\n\t\t<\/div>\n\t\t<!-- Gallery Style One End -->\n\n\t\t\t\t<\/div>\n\t\t\t\t<\/div>\n\t\t\t\t<div class=\"elementor-element elementor-element-4c84130 elementor-widget elementor-widget-builty-about-plan\" data-id=\"4c84130\" data-element_type=\"widget\" data-widget_type=\"builty-about-plan.default\">\n\t\t\t\t<div class=\"elementor-widget-container\">\n\t\t\t\n\t\t<!--About How It Works Start -->\n\t  <section class=\"gap about-how-it-works light-bg-color\">\n\t\t\t\t\t\t<div class=\"heading\">\n\t\t\t\t\t      <figure>\n\t        <img decoding=\"async\" src=\"https:\/\/structuribeton.ro\/wp-content\/uploads\/2022\/09\/heading-icon.png\" alt=\"heading-icon\">\n\t      <\/figure>\n\t\t\t\t\t\t\t\t\t\t\t\t<span >\n\t\t\t\t\tDe ce s\u0103 alege\u021bi StructuriBeton.ro ? \t\t\t\t<\/span>\n\t\t\t\t\t\t\t\t\t      <h2>\n\t\t\t\t\t<span >\n\t\t\t\t\t\tNoi v\u0103  Oferim\t\t\t\t\t<\/span>\n\t\t\t\t<\/h2>\n\t\t\t\t\t    <\/div>\n\t\t\t\n\t\t\t\n\t\t\t\t    <div class=\"container\">\n\t      <div class=\"row g-0\">\n\t\t\t\t\t\t        <div class=\"col-lg-3 col-md-6 col-sm-12\" >\n\t          <div class=\"plans\">\n\t\t\t\t\t\t\t\t            <div class=\"y-box d-flex-all\">\n\t\t\t\t\t\t\t\t<span >\n\t\t\t\t\t\t\t\t\t1.\t\t\t\t\t\t\t\t<\/span>\n\t            <\/div>\n\t\t\t\t\t\t\t\t\t\t\t\t\t\t\t            <div class=\"h3\">\n\t\t\t\t\t\t\t\t<span >\n\t\t\t\t\t\t\t\t\tCalitate superioar\u0103\t\t\t\t\t\t\t\t<\/span>\n\t\t\t\t\t\t\t<\/div>\n\t\t\t\t\t\t\t\t\t\t\t\t\t\t\t            <p>\n\t\t\t\t\t\t\t\t<span >\n\t\t\t\t\t\t\t\t\tFiecare produs este fabricat cu cele mai bune materiale \u0219i tehnici, pentru a asigura durabilitatea \u0219i performan\u021ba pe termen lung a proiectelor dumneavoastr\u0103.\t\t\t\t\t\t\t\t<\/span>\n\t\t\t\t\t\t\t<\/p>\n\t\t\t\t\t\t\t\t          <\/div>\n\t        <\/div>\n\t\t\t\t\t\t        <div class=\"col-lg-3 col-md-6 col-sm-12\" >\n\t          <div class=\"plans\">\n\t\t\t\t\t\t\t\t            <div class=\"y-box d-flex-all\">\n\t\t\t\t\t\t\t\t<span >\n\t\t\t\t\t\t\t\t\t2.\t\t\t\t\t\t\t\t<\/span>\n\t            <\/div>\n\t\t\t\t\t\t\t\t\t\t\t\t\t\t\t            <div class=\"h3\">\n\t\t\t\t\t\t\t\t<span >\n\t\t\t\t\t\t\t\t\tDiversitate\t\t\t\t\t\t\t\t<\/span>\n\t\t\t\t\t\t\t<\/div>\n\t\t\t\t\t\t\t\t\t\t\t\t\t\t\t            <p>\n\t\t\t\t\t\t\t\t<span >\n\t\t\t\t\t\t\t\t\tOferim o gam\u0103 variat\u0103 de st\u00e2lpi din beton \u0219i blocuri din beton, pentru a satisface nevoile diferite ale proiectelor de construc\u021bie, de la locuin\u021be la structuri comerciale \u0219i industriale.\t\t\t\t\t\t\t\t<\/span>\n\t\t\t\t\t\t\t<\/p>\n\t\t\t\t\t\t\t\t          <\/div>\n\t        <\/div>\n\t\t\t\t\t\t        <div class=\"col-lg-3 col-md-6 col-sm-12\" >\n\t          <div class=\"plans\">\n\t\t\t\t\t\t\t\t            <div class=\"y-box d-flex-all\">\n\t\t\t\t\t\t\t\t<span >\n\t\t\t\t\t\t\t\t\t3.\t\t\t\t\t\t\t\t<\/span>\n\t            <\/div>\n\t\t\t\t\t\t\t\t\t\t\t\t\t\t\t            <div class=\"h3\">\n\t\t\t\t\t\t\t\t<span >\n\t\t\t\t\t\t\t\t\tPersonalizare\t\t\t\t\t\t\t\t<\/span>\n\t\t\t\t\t\t\t<\/div>\n\t\t\t\t\t\t\t\t\t\t\t\t\t\t\t            <p>\n\t\t\t\t\t\t\t\t<span >\n\t\t\t\t\t\t\t\t\tSuntem gata s\u0103 v\u0103 ajut\u0103m s\u0103 g\u0103si\u021bi solu\u021bii adaptate la cerin\u021bele unice ale proiectului dumneavoastr\u0103, oferind op\u021biuni personalizate \u00een ceea ce prive\u0219te dimensiunea, forma \u0219i rezisten\u021ba.\t\t\t\t\t\t\t\t<\/span>\n\t\t\t\t\t\t\t<\/p>\n\t\t\t\t\t\t\t\t          <\/div>\n\t        <\/div>\n\t\t\t\t\t\t        <div class=\"col-lg-3 col-md-6 col-sm-12\" >\n\t          <div class=\"plans\">\n\t\t\t\t\t\t\t\t            <div class=\"y-box d-flex-all\">\n\t\t\t\t\t\t\t\t<span >\n\t\t\t\t\t\t\t\t\t4.\t\t\t\t\t\t\t\t<\/span>\n\t            <\/div>\n\t\t\t\t\t\t\t\t\t\t\t\t\t\t\t            <div class=\"h3\">\n\t\t\t\t\t\t\t\t<span >\n\t\t\t\t\t\t\t\t\tLivrare prompt\u0103\t\t\t\t\t\t\t\t<\/span>\n\t\t\t\t\t\t\t<\/div>\n\t\t\t\t\t\t\t\t\t\t\t\t\t\t\t            <p>\n\t\t\t\t\t\t\t\t<span >\n\t\t\t\t\t\t\t\t\tSuntem con\u0219tien\u021bi de importan\u021ba unei gestion\u0103ri eficiente a proiectelor de construc\u021bie \u0219i ne asigur\u0103m c\u0103 produsele noastre sunt livrate la timp, pentru a v\u0103 ajuta s\u0103 respecta\u021bi termenele de finalizare.\t\t\t\t\t\t\t\t<\/span>\n\t\t\t\t\t\t\t<\/p>\n\t\t\t\t\t\t\t\t          <\/div>\n\t        <\/div>\n\t\t\t\t\t\t      <\/div>\n\t    <\/div>\n\t\t\t\n\t  <\/section>\n\t  <!--About How It Works End -->\n\n\t\t\t\t<\/div>\n\t\t\t\t<\/div>\n\t\t\t\t<div class=\"elementor-element elementor-element-77125c7 elementor-widget elementor-widget-builty-cta\" data-id=\"77125c7\" data-element_type=\"widget\" data-widget_type=\"builty-cta.default\">\n\t\t\t\t<div class=\"elementor-widget-container\">\n\t\t\t\n\t\t<!-- CTA Section Start -->\n\t  <section class=\"cta-section\">\n\t    <div class=\"container\">\n\t      <div class=\"row align-items-center\">\n\t        <div class=\"col-lg-7\">\n\t          <div class=\"cta-data\">\n\t\t\t\t\t\t\t\t\t\t\t\t\t\t<h2>\n\t\t\t\t\t\t\t\t<span >\n                  Pregatit s\u0103 lucr\u0103m \u00eempreun\u0103?                <\/span>\n\t\t\t\t\t\t\t<\/h2>\n\t\t\t\t\t\t\t\t\t\t\t\t\t\t\t\t\t\t\t\t\t<div >\n                <p>Hai colabor\u0103m pentru succesul proiectului t\u0103u, s\u0103 aducem ideile tale la via\u021b\u0103 \u0219i s\u0103 construim \u00eempreun\u0103 un viitor mai str\u0103lucitor.<\/p>              <\/div>\n\t\t\t\t\t\t\t\t\t\t\t\t\t\t\t\t\t\t\t\t\t<a href=\"https:\/\/weblime.net\/structuribeton\/?page_id=858\" class=\"theme-btn\">\n\t\t\t\t\t\t\t\t<span >\n\t\t\t\t\t\t\t\t\tCere o oferta\t\t\t\t\t\t\t\t<\/span>\n\t\t\t\t\t\t\t\t<i class=\"fas fa-angle-double-right\"><\/i>\n\t\t\t\t\t\t\t<\/a>\n\t\t\t\t\t\t\t\n\t          <\/div>\n\t        <\/div>\n\t        <div class=\"col-lg-5\" >\n\t          <div class=\"cta-data\">\n\t\t\t\t\t\t\t\t            <figure>\n\t              <img decoding=\"async\" src=\"https:\/\/structuribeton.ro\/wp-content\/uploads\/2022\/09\/building-2.png\" alt=\"Pregatit s\u0103 lucr\u0103m \u00eempreun\u0103?\" \/>\n\t            <\/figure>\n\t\t\t\t\t\t\t\t          <\/div>\n\t        <\/div>\n\t      <\/div>\n\t    <\/div>\n\t  <\/section>\n\t  <!-- CTA Section End -->\n\n\t\t\t\t<\/div>\n\t\t\t\t<\/div>\n\t\t\t\t\t<\/div>\n\t\t<\/div>\n\t\t\t\t\t\t\t<\/div>\n\t\t<\/section>\n\t\t\t\t\t\t\t<\/div>\n\t\t","protected":false},"excerpt":{"rendered":"<p>Despre Noi Experien\u021ba \u0219i valorile noastre Home Bine a\u021bi venit! Specializa\u021bi \u00een produc\u021bia produselor din beton Cu o experien\u021b\u0103 solid\u0103.. <span class=\"read-more\"><a href=\"https:\/\/structuribeton.ro\/?page_id=758\" class=\"theme-btn\"><span>Read more<\/span><i class=\"fas fa-angle-double-right\"><\/i><\/a><\/span><\/p>\n","protected":false},"author":1,"featured_media":0,"parent":0,"menu_order":0,"comment_status":"closed","ping_status":"closed","template":"template-layout-builder.php","meta":{"_monsterinsights_skip_tracking":false,"_monsterinsights_sitenote_active":false,"_monsterinsights_sitenote_note":"","_monsterinsights_sitenote_category":0,"footnotes":""},"acf":[],"aioseo_notices":[],"_links":{"self":[{"href":"https:\/\/structuribeton.ro\/index.php?rest_route=\/wp\/v2\/pages\/758"}],"collection":[{"href":"https:\/\/structuribeton.ro\/index.php?rest_route=\/wp\/v2\/pages"}],"about":[{"href":"https:\/\/structuribeton.ro\/index.php?rest_route=\/wp\/v2\/types\/page"}],"author":[{"embeddable":true,"href":"https:\/\/structuribeton.ro\/index.php?rest_route=\/wp\/v2\/users\/1"}],"replies":[{"embeddable":true,"href":"https:\/\/structuribeton.ro\/index.php?rest_route=%2Fwp%2Fv2%2Fcomments&post=758"}],"version-history":[{"count":47,"href":"https:\/\/structuribeton.ro\/index.php?rest_route=\/wp\/v2\/pages\/758\/revisions"}],"predecessor-version":[{"id":2504,"href":"https:\/\/structuribeton.ro\/index.php?rest_route=\/wp\/v2\/pages\/758\/revisions\/2504"}],"wp:attachment":[{"href":"https:\/\/structuribeton.ro\/index.php?rest_route=%2Fwp%2Fv2%2Fmedia&parent=758"}],"curies":[{"name":"wp","href":"https:\/\/api.w.org\/{rel}","templated":true}]}}